{"id":302,"date":"2025-02-19T11:04:51","date_gmt":"2025-02-19T10:04:51","guid":{"rendered":"https:\/\/www.ondanutraceutica.it\/?page_id=302"},"modified":"2025-03-13T12:29:12","modified_gmt":"2025-03-13T11:29:12","slug":"dicono-di-noi","status":"publish","type":"page","link":"https:\/\/www.ondanutraceutica.it\/index.php\/dicono-di-noi\/","title":{"rendered":"Dicono di noi"},"content":{"rendered":"<div class=\"wpb-content-wrapper\"><p>[vc_row row_height_percent=&#8221;0&#8243; override_padding=&#8221;yes&#8221; h_padding=&#8221;2&#8243; top_padding=&#8221;2&#8243; bottom_padding=&#8221;0&#8243; overlay_alpha=&#8221;50&#8243; equal_height=&#8221;yes&#8221; gutter_size=&#8221;0&#8243; column_width_percent=&#8221;100&#8243; shift_y=&#8221;0&#8243; z_index=&#8221;0&#8243; uncode_shortcode_id=&#8221;177042&#8243;][vc_column column_width_percent=&#8221;100&#8243; position_vertical=&#8221;middle&#8221; gutter_size=&#8221;3&#8243; style=&#8221;dark&#8221; back_color=&#8221;color-117931&#8243; overlay_alpha=&#8221;50&#8243; shift_x=&#8221;0&#8243; shift_y=&#8221;0&#8243; shift_y_down=&#8221;0&#8243; z_index=&#8221;0&#8243; medium_width=&#8221;0&#8243; mobile_width=&#8221;0&#8243; width=&#8221;1\/3&#8243; uncode_shortcode_id=&#8221;552849&#8243; back_color_type=&#8221;uncode-palette&#8221;][vc_custom_heading text_size=&#8221;h3&#8243; uncode_shortcode_id=&#8221;472614&#8243;]Dott. Alessandro Perrone[\/vc_custom_heading][vc_custom_heading text_size=&#8221;h6&#8243; uncode_shortcode_id=&#8221;174673&#8243;]<b>dirigente Medico di Chirurgia Generale, Responsabile Ambulatori Distrettuali di Chirurgia Generale e Coloproctologia ASL Brindisi<\/b>[\/vc_custom_heading][\/vc_column][vc_column column_width_percent=&#8221;100&#8243; position_vertical=&#8221;middle&#8221; gutter_size=&#8221;3&#8243; back_color=&#8221;color-899129&#8243; overlay_alpha=&#8221;50&#8243; shift_x=&#8221;0&#8243; shift_y=&#8221;0&#8243; shift_y_down=&#8221;0&#8243; z_index=&#8221;0&#8243; medium_width=&#8221;0&#8243; mobile_width=&#8221;0&#8243; width=&#8221;2\/3&#8243; uncode_shortcode_id=&#8221;182041&#8243; back_color_type=&#8221;uncode-palette&#8221;][vc_column_text uncode_shortcode_id=&#8221;141759&#8243;]Ragadi anali, proctalgie, sacrodinie\/sacralgie, proctalgia post RTp, nel dolore cronico in pazienti operati di ernioplastica inguinale (incarceramento del nervo ileo inguinale nella protesi), oltre a pazienti occasionali per problematiche croniche osteoarticolari. Ho anche riscontrato un feedback positivo nelle neuriti periferiche diabetiche associate ad ulcere (che io tratto) e in simbiosi potrebbe essere usato nel dolore cronico periferico anche di origine vascolare visto che c\u2019\u00e8 sempre una componente neurosensoriale! Questo in sintesi la mia valutazione su Aufimil EPB che ha delle potenzialit\u00e0 eccezionali da meritare la lode con menzione d\u2019onore[\/vc_column_text][\/vc_column][\/vc_row][vc_row row_height_percent=&#8221;0&#8243; override_padding=&#8221;yes&#8221; h_padding=&#8221;2&#8243; top_padding=&#8221;2&#8243; bottom_padding=&#8221;0&#8243; overlay_alpha=&#8221;50&#8243; equal_height=&#8221;yes&#8221; gutter_size=&#8221;0&#8243; column_width_percent=&#8221;100&#8243; shift_y=&#8221;0&#8243; z_index=&#8221;0&#8243; uncode_shortcode_id=&#8221;174308&#8243;][vc_column column_width_percent=&#8221;100&#8243; position_vertical=&#8221;middle&#8221; gutter_size=&#8221;3&#8243; style=&#8221;dark&#8221; back_color=&#8221;color-117931&#8243; overlay_alpha=&#8221;50&#8243; shift_x=&#8221;0&#8243; shift_y=&#8221;0&#8243; shift_y_down=&#8221;0&#8243; z_index=&#8221;0&#8243; medium_width=&#8221;0&#8243; mobile_width=&#8221;0&#8243; width=&#8221;1\/3&#8243; uncode_shortcode_id=&#8221;552849&#8243; back_color_type=&#8221;uncode-palette&#8221;][vc_custom_heading text_size=&#8221;h3&#8243; uncode_shortcode_id=&#8221;289260&#8243;]Dott. Bruno Nipote[\/vc_custom_heading][vc_custom_heading text_size=&#8221;h6&#8243; uncode_shortcode_id=&#8221;199396&#8243;]<strong>Direttore di Chirurgia Generale, Azienda Ospedaliera San Carlo, Ospedale di Lagonegro<\/strong>[\/vc_custom_heading][\/vc_column][vc_column column_width_percent=&#8221;100&#8243; position_vertical=&#8221;middle&#8221; gutter_size=&#8221;3&#8243; back_color=&#8221;color-899129&#8243; overlay_alpha=&#8221;50&#8243; shift_x=&#8221;0&#8243; shift_y=&#8221;0&#8243; shift_y_down=&#8221;0&#8243; z_index=&#8221;0&#8243; medium_width=&#8221;0&#8243; mobile_width=&#8221;0&#8243; width=&#8221;2\/3&#8243; uncode_shortcode_id=&#8221;182041&#8243; back_color_type=&#8221;uncode-palette&#8221;][vc_column_text uncode_shortcode_id=&#8221;197500&#8243;]Valuto Aufimil EPB sicuro, affidabile, efficace nel controllo dei disturbi disfunzionali del pavimento pelvico, dalla patologia anorettale (ragade, post-intervento emorroidi, fistola anale) agli stati infiammatori congestizi genito-urinari in IBS.[\/vc_column_text][\/vc_column][\/vc_row][vc_row row_height_percent=&#8221;0&#8243; overlay_alpha=&#8221;50&#8243; equal_height=&#8221;yes&#8221; gutter_size=&#8221;0&#8243; column_width_percent=&#8221;100&#8243; shift_y=&#8221;0&#8243; z_index=&#8221;0&#8243; uncode_shortcode_id=&#8221;120202&#8243;][vc_column column_width_percent=&#8221;100&#8243; position_vertical=&#8221;middle&#8221; gutter_size=&#8221;3&#8243; style=&#8221;dark&#8221; back_color=&#8221;color-117931&#8243; overlay_alpha=&#8221;50&#8243; shift_x=&#8221;0&#8243; shift_y=&#8221;0&#8243; shift_y_down=&#8221;0&#8243; z_index=&#8221;0&#8243; medium_width=&#8221;0&#8243; mobile_width=&#8221;0&#8243; width=&#8221;1\/3&#8243; uncode_shortcode_id=&#8221;552849&#8243; back_color_type=&#8221;uncode-palette&#8221;][vc_custom_heading text_size=&#8221;h3&#8243; uncode_shortcode_id=&#8221;641273&#8243;]Dr Giovanni Petracca[\/vc_custom_heading][vc_custom_heading text_size=&#8221;h6&#8243; uncode_shortcode_id=&#8221;311486&#8243;]<strong>Dirigente medico di Chirurgia Generale, responsabile ambulatorio di proctologia e vascolare, Ospedale Giannuzzi di Manduria ASL Taranto<\/strong>[\/vc_custom_heading][\/vc_column][vc_column column_width_percent=&#8221;100&#8243; position_vertical=&#8221;middle&#8221; gutter_size=&#8221;3&#8243; back_color=&#8221;color-899129&#8243; overlay_alpha=&#8221;50&#8243; shift_x=&#8221;0&#8243; shift_y=&#8221;0&#8243; shift_y_down=&#8221;0&#8243; z_index=&#8221;0&#8243; medium_width=&#8221;0&#8243; mobile_width=&#8221;0&#8243; width=&#8221;2\/3&#8243; uncode_shortcode_id=&#8221;182041&#8243; back_color_type=&#8221;uncode-palette&#8221;][vc_column_text uncode_shortcode_id=&#8221;214115&#8243;]Da una mia esperienza ormai trentennale nel campo della flebologia, molte richieste di aiuto da parte dei\/delle pazienti riguardano gambe &#8220;stanche&#8221; e\/o &#8220;dolenti&#8221;. Negli ultimi mesi ho prescritto Aufimil EPB e ho ottenuto un riscontro positivo da parte dell&#8217;utenza. Il caso pi\u00f9 clamoroso \u00e8 stato il miglioramento soggettivo di una donna di 49 anni che \u00e8 venuta alla mia osservazione con diagnosi di fibromialgia, la quale dopo due mesi di cura con Aufimil EPB ha potuto permettersi qualche passeggiata con il marito, dopo anni![\/vc_column_text][\/vc_column][\/vc_row][vc_row row_height_percent=&#8221;0&#8243; override_padding=&#8221;yes&#8221; h_padding=&#8221;2&#8243; top_padding=&#8221;0&#8243; bottom_padding=&#8221;2&#8243; overlay_alpha=&#8221;50&#8243; equal_height=&#8221;yes&#8221; gutter_size=&#8221;0&#8243; column_width_percent=&#8221;100&#8243; shift_y=&#8221;0&#8243; z_index=&#8221;0&#8243; uncode_shortcode_id=&#8221;948584&#8243;][vc_column column_width_percent=&#8221;100&#8243; position_vertical=&#8221;middle&#8221; gutter_size=&#8221;3&#8243; style=&#8221;dark&#8221; back_color=&#8221;color-117931&#8243; overlay_alpha=&#8221;50&#8243; shift_x=&#8221;0&#8243; shift_y=&#8221;0&#8243; shift_y_down=&#8221;0&#8243; z_index=&#8221;0&#8243; medium_width=&#8221;0&#8243; mobile_width=&#8221;0&#8243; width=&#8221;1\/3&#8243; uncode_shortcode_id=&#8221;552849&#8243; back_color_type=&#8221;uncode-palette&#8221;][vc_custom_heading text_size=&#8221;h3&#8243; uncode_shortcode_id=&#8221;827739&#8243;]Dr. Biagio De Pascalis[\/vc_custom_heading][vc_custom_heading text_size=&#8221;h6&#8243; uncode_shortcode_id=&#8221;227963&#8243;]<strong>Dirigente medico di Chirurgia Generale, Ospedale Veris Delli Ponti, Scorrano ASL Lecce<\/strong>[\/vc_custom_heading][\/vc_column][vc_column column_width_percent=&#8221;100&#8243; position_vertical=&#8221;middle&#8221; gutter_size=&#8221;3&#8243; back_color=&#8221;color-899129&#8243; overlay_alpha=&#8221;50&#8243; shift_x=&#8221;0&#8243; shift_y=&#8221;0&#8243; shift_y_down=&#8221;0&#8243; z_index=&#8221;0&#8243; medium_width=&#8221;0&#8243; mobile_width=&#8221;0&#8243; width=&#8221;2\/3&#8243; uncode_shortcode_id=&#8221;182041&#8243; back_color_type=&#8221;uncode-palette&#8221;][vc_column_text uncode_shortcode_id=&#8221;113054&#8243;]Uomo di 75 anni affetto ipertrofia prostatica benigna ,iperteso in trattamento con terapia specifica, da oltre un anno affetto da ragade anale cronica con frequenti crisi di riacutizzazione. Colonscopia ed esami parassitologico, coprologico e micologico delle feci tutto negativo, compresa la calprotectina fecale. Con le terapie effettuate in precedenza non era mai giunto ad una cicatrizzazione completa. Da oltre un mese ha terminato terapia con Aufimil EPB ed una crema topica con una completa risposta sintomatologica ed obbiettiva. Attualmente \u00e8 solo in terapia con probiotici.[\/vc_column_text][\/vc_column][\/vc_row][vc_row row_height_percent=&#8221;0&#8243; override_padding=&#8221;yes&#8221; h_padding=&#8221;2&#8243; top_padding=&#8221;0&#8243; bottom_padding=&#8221;2&#8243; overlay_alpha=&#8221;50&#8243; equal_height=&#8221;yes&#8221; gutter_size=&#8221;0&#8243; column_width_percent=&#8221;100&#8243; shift_y=&#8221;0&#8243; z_index=&#8221;0&#8243; uncode_shortcode_id=&#8221;948584&#8243;][vc_column column_width_percent=&#8221;100&#8243; position_vertical=&#8221;middle&#8221; gutter_size=&#8221;3&#8243; style=&#8221;dark&#8221; back_color=&#8221;color-117931&#8243; overlay_alpha=&#8221;50&#8243; shift_x=&#8221;0&#8243; shift_y=&#8221;0&#8243; shift_y_down=&#8221;0&#8243; z_index=&#8221;0&#8243; medium_width=&#8221;0&#8243; mobile_width=&#8221;0&#8243; width=&#8221;1\/3&#8243; uncode_shortcode_id=&#8221;552849&#8243; back_color_type=&#8221;uncode-palette&#8221;][vc_custom_heading text_size=&#8221;h3&#8243; uncode_shortcode_id=&#8221;824015&#8243;]Dottoressa Antonella Tromba[\/vc_custom_heading][vc_custom_heading text_size=&#8221;h6&#8243; uncode_shortcode_id=&#8221;818887&#8243;]<strong>Dirigente Medico Chirurgia generale, IRCSS Oncologico Giovanni Paolo II, Bari<\/strong>[\/vc_custom_heading][\/vc_column][vc_column column_width_percent=&#8221;100&#8243; position_vertical=&#8221;middle&#8221; gutter_size=&#8221;3&#8243; back_color=&#8221;color-899129&#8243; overlay_alpha=&#8221;50&#8243; shift_x=&#8221;0&#8243; shift_y=&#8221;0&#8243; shift_y_down=&#8221;0&#8243; z_index=&#8221;0&#8243; medium_width=&#8221;0&#8243; mobile_width=&#8221;0&#8243; width=&#8221;2\/3&#8243; uncode_shortcode_id=&#8221;182041&#8243; back_color_type=&#8221;uncode-palette&#8221;][vc_column_text uncode_shortcode_id=&#8221;190722&#8243;]Vi riporto un caso particolare di una paziente seguita presso il nostro ambulatorio per una severa ano-proctite post attinica, dopo RDTp, con associata voluminosa ragade anale &#8230; con mancato controllo del dolore nonostante la svariata tipologia di antidolorifici associata per il caso!<br \/>\nDifficolta&#8217; anche nell&#8217;espletare una normale esplorazione digitale! Le viene prescritta terapia locale, norme igienico dietetiche per una corretta funzionalit\u00e0 intestinale e antidolorifici!<br \/>\nRitorna dopo appena 5 giorni per la sintomatologia persistente e ulteriormente gravativa, mancato controllo della stipsi &#8230; causa dolore, con ripercussioni nella vita sociale e affettiva della stessa! Confermo la terapia in atto e prescrivo AUFIMIL EPB cp orodisp, 1 cp x 2 al die per 30 giorni &#8230; aspettando un riscontro!<br \/>\nNon vedo la paziente di seguito in ambulatorio e la incrocio nei corridoi dell&#8217;istituto per il suo follow up oncologico &#8230; con mera sorpresa aveva completamente risolto il problema del dolore e di seguito avuto anche il miglioramento del quadro clinico con pressoche&#8217; normalizzazione della funzionaluta&#8217; intestinale e normale ripresa di tutte le attivit\u00e0 quotidiane! Abbracciandomi e ringraziandomi a suo dire &#8230; per la riuscita della terapia che avevo prescritto![\/vc_column_text][\/vc_column][\/vc_row]<\/p>\n<\/div>","protected":false},"excerpt":{"rendered":"<p>[vc_row row_height_percent=&#8221;0&#8243; override_padding=&#8221;yes&#8221; h_padding=&#8221;2&#8243; top_padding=&#8221;2&#8243; bottom_padding=&#8221;0&#8243; overlay_alpha=&#8221;50&#8243; equal_height=&#8221;yes&#8221; gutter_size=&#8221;0&#8243; column_width_percent=&#8221;100&#8243; shift_y=&#8221;0&#8243; z_index=&#8221;0&#8243; uncode_shortcode_id=&#8221;177042&#8243;][vc_column column_width_percent=&#8221;100&#8243; position_vertical=&#8221;middle&#8221; gutter_size=&#8221;3&#8243; style=&#8221;dark&#8221; back_color=&#8221;color-117931&#8243; overlay_alpha=&#8221;50&#8243; shift_x=&#8221;0&#8243; [&hellip;]<\/p>\n","protected":false},"author":5,"featured_media":0,"parent":0,"menu_order":0,"comment_status":"closed","ping_status":"closed","template":"","meta":{"footnotes":""},"class_list":["post-302","page","type-page","status-publish","hentry"],"_links":{"self":[{"href":"https:\/\/www.ondanutraceutica.it\/index.php\/wp-json\/wp\/v2\/pages\/302","targetHints":{"allow":["GET"]}}],"collection":[{"href":"https:\/\/www.ondanutraceutica.it\/index.php\/wp-json\/wp\/v2\/pages"}],"about":[{"href":"https:\/\/www.ondanutraceutica.it\/index.php\/wp-json\/wp\/v2\/types\/page"}],"author":[{"embeddable":true,"href":"https:\/\/www.ondanutraceutica.it\/index.php\/wp-json\/wp\/v2\/users\/5"}],"replies":[{"embeddable":true,"href":"https:\/\/www.ondanutraceutica.it\/index.php\/wp-json\/wp\/v2\/comments?post=302"}],"version-history":[{"count":12,"href":"https:\/\/www.ondanutraceutica.it\/index.php\/wp-json\/wp\/v2\/pages\/302\/revisions"}],"predecessor-version":[{"id":361,"href":"https:\/\/www.ondanutraceutica.it\/index.php\/wp-json\/wp\/v2\/pages\/302\/revisions\/361"}],"wp:attachment":[{"href":"https:\/\/www.ondanutraceutica.it\/index.php\/wp-json\/wp\/v2\/media?parent=302"}],"curies":[{"name":"wp","href":"https:\/\/api.w.org\/{rel}","templated":true}]}}